{"id":1648,"date":"2021-12-17T20:17:53","date_gmt":"2021-12-17T20:17:53","guid":{"rendered":"https:\/\/rosepr.ca\/?page_id=1648"},"modified":"2024-04-10T02:38:04","modified_gmt":"2024-04-10T02:38:04","slug":"about-us","status":"publish","type":"page","link":"https:\/\/rosepr.ca\/fr\/about-us\/","title":{"rendered":"\u00c0 Propos De Nous"},"content":{"rendered":"<div data-elementor-type=\"wp-page\" data-elementor-id=\"1648\" class=\"elementor elementor-1648\">\n\t\t\t\t\t\t<section class=\"elementor-section elementor-top-section elementor-element elementor-element-daee7bf elementor-section-full_width elementor-section-height-default elementor-section-height-default parallax_section_no qode_elementor_container_no\" data-id=\"daee7bf\" data-element_type=\"section\" data-e-type=\"section\">\n\t\t\t\t\t\t<div class=\"elementor-container elementor-column-gap-default\">\n\t\t\t\t\t<div class=\"elementor-column elementor-col-50 elementor-top-column elementor-element elementor-element-9d987c2\" data-id=\"9d987c2\" data-element_type=\"column\" data-e-type=\"column\" data-settings=\"{&quot;background_background&quot;:&quot;classic&quot;}\">\n\t\t\t<div class=\"elementor-widget-wrap elementor-element-populated\">\n\t\t\t\t\t\t<div class=\"elementor-element elementor-element-11c3afd elementor-widget elementor-widget-spacer\" data-id=\"11c3afd\" data-element_type=\"widget\" data-e-type=\"widget\" data-widget_type=\"spacer.default\">\n\t\t\t\t<div class=\"elementor-widget-container\">\n\t\t\t\t\t\t\t<div class=\"elementor-spacer\">\n\t\t\t<div class=\"elementor-spacer-inner\"><\/div>\n\t\t<\/div>\n\t\t\t\t\t\t<\/div>\n\t\t\t\t<\/div>\n\t\t\t\t<div class=\"elementor-element elementor-element-69c49e5 elementor-widget elementor-widget-heading\" data-id=\"69c49e5\" data-element_type=\"widget\" data-e-type=\"widget\" data-widget_type=\"heading.default\">\n\t\t\t\t<div class=\"elementor-widget-container\">\n\t\t\t\t\t<h2 class=\"elementor-heading-title elementor-size-default\">\u00c0Propos<\/h2>\t\t\t\t<\/div>\n\t\t\t\t<\/div>\n\t\t\t\t<div class=\"elementor-element elementor-element-0ce2183 elementor-widget__width-auto elementor-widget elementor-widget-heading\" data-id=\"0ce2183\" data-element_type=\"widget\" data-e-type=\"widget\" data-widget_type=\"heading.default\">\n\t\t\t\t<div class=\"elementor-widget-container\">\n\t\t\t\t\t<h2 class=\"elementor-heading-title elementor-size-default\">De<\/h2>\t\t\t\t<\/div>\n\t\t\t\t<\/div>\n\t\t\t\t<div class=\"elementor-element elementor-element-48ea356 elementor-widget__width-auto elementor-widget elementor-widget-heading\" data-id=\"48ea356\" data-element_type=\"widget\" data-e-type=\"widget\" data-widget_type=\"heading.default\">\n\t\t\t\t<div class=\"elementor-widget-container\">\n\t\t\t\t\t<h2 class=\"elementor-heading-title elementor-size-default\">Nous<\/h2>\t\t\t\t<\/div>\n\t\t\t\t<\/div>\n\t\t\t\t\t<\/div>\n\t\t<\/div>\n\t\t\t\t<div class=\"elementor-column elementor-col-50 elementor-top-column elementor-element elementor-element-770aaf4\" data-id=\"770aaf4\" data-element_type=\"column\" data-e-type=\"column\">\n\t\t\t<div class=\"elementor-widget-wrap elementor-element-populated\">\n\t\t\t\t\t\t<div class=\"elementor-element elementor-element-eeeb2e9 elementor-widget elementor-widget-text-editor\" data-id=\"eeeb2e9\" data-element_type=\"widget\" data-e-type=\"widget\" data-widget_type=\"text-editor.default\">\n\t\t\t\t<div class=\"elementor-widget-container\">\n\t\t\t\t\t\t\t\t\t<h4>Rose PR is a full-service Canadian public relations agency specializing in media relations, influencer marketing, partnerships &amp; sponsorships, experiential events and activations, content creation, and corporate communications.<\/h4><p>Our expertise spans across various lifestyle industry sectors such as: Fashion &amp; Design, Luxury Goods, Beauty, Health &amp; Wellness, Consumer Goods, Retail &amp; E-commerce, Gastronomy, Travel &amp; Hospitality, Real Estate, Cannabis and Technology.<\/p>\t\t\t\t\t\t\t\t<\/div>\n\t\t\t\t<\/div>\n\t\t\t\t\t<\/div>\n\t\t<\/div>\n\t\t\t\t\t<\/div>\n\t\t<\/section>\n\t\t\t\t<section class=\"elementor-section elementor-top-section elementor-element elementor-element-fe2d8c5 elementor-section-full_width elementor-section-height-default elementor-section-height-default parallax_section_no qode_elementor_container_no\" data-id=\"fe2d8c5\" data-element_type=\"section\" data-e-type=\"section\" data-settings=\"{&quot;background_background&quot;:&quot;classic&quot;}\">\n\t\t\t\t\t\t<div class=\"elementor-container elementor-column-gap-default\">\n\t\t\t\t\t<div class=\"elementor-column elementor-col-100 elementor-top-column elementor-element elementor-element-ffb7038\" data-id=\"ffb7038\" data-element_type=\"column\" data-e-type=\"column\">\n\t\t\t<div class=\"elementor-widget-wrap elementor-element-populated\">\n\t\t\t\t\t\t<div class=\"elementor-element elementor-element-00311e5 elementor-widget elementor-widget-heading\" data-id=\"00311e5\" data-element_type=\"widget\" data-e-type=\"widget\" data-widget_type=\"heading.default\">\n\t\t\t\t<div class=\"elementor-widget-container\">\n\t\t\t\t\t<h2 class=\"elementor-heading-title elementor-size-default\">Notre Philosophie<\/h2>\t\t\t\t<\/div>\n\t\t\t\t<\/div>\n\t\t\t\t<div class=\"elementor-element elementor-element-7e76ae4 elementor-widget elementor-widget-text-editor\" data-id=\"7e76ae4\" data-element_type=\"widget\" data-e-type=\"widget\" data-widget_type=\"text-editor.default\">\n\t\t\t\t<div class=\"elementor-widget-container\">\n\t\t\t\t\t\t\t\t\t<p><span style=\"font-weight: 400;\">Rose PR promises every client an exclusive approach, based on actionable and reliable data, to ensure they reach new limits. This is achieved through our 360-degree understanding of the current public domain, our vast experience in strategic communications, and our commitment to go above and beyond to achieve exceptional results.<br \/><\/span><\/p>\t\t\t\t\t\t\t\t<\/div>\n\t\t\t\t<\/div>\n\t\t\t\t<div class=\"elementor-element elementor-element-af08c72 elementor-widget elementor-widget-heading\" data-id=\"af08c72\" data-element_type=\"widget\" data-e-type=\"widget\" data-widget_type=\"heading.default\">\n\t\t\t\t<div class=\"elementor-widget-container\">\n\t\t\t\t\t<h2 class=\"elementor-heading-title elementor-size-default\">Mais surtout, nous adorons notre travail et nous croyons aux marques que nous repr\u00e9sentons.<\/h2>\t\t\t\t<\/div>\n\t\t\t\t<\/div>\n\t\t\t\t<div class=\"elementor-element elementor-element-67737d8 elementor-widget elementor-widget-spacer\" data-id=\"67737d8\" data-element_type=\"widget\" data-e-type=\"widget\" data-widget_type=\"spacer.default\">\n\t\t\t\t<div class=\"elementor-widget-container\">\n\t\t\t\t\t\t\t<div class=\"elementor-spacer\">\n\t\t\t<div class=\"elementor-spacer-inner\"><\/div>\n\t\t<\/div>\n\t\t\t\t\t\t<\/div>\n\t\t\t\t<\/div>\n\t\t\t\t\t<\/div>\n\t\t<\/div>\n\t\t\t\t\t<\/div>\n\t\t<\/section>\n\t\t\t\t<section class=\"elementor-section elementor-top-section elementor-element elementor-element-977b23d elementor-section-full_width elementor-section-height-default elementor-section-height-default parallax_section_no qode_elementor_container_no\" data-id=\"977b23d\" data-element_type=\"section\" data-e-type=\"section\" data-settings=\"{&quot;background_background&quot;:&quot;classic&quot;}\">\n\t\t\t\t\t\t<div class=\"elementor-container elementor-column-gap-default\">\n\t\t\t\t\t<div class=\"elementor-column elementor-col-100 elementor-top-column elementor-element elementor-element-d1c26ec\" data-id=\"d1c26ec\" data-element_type=\"column\" data-e-type=\"column\" data-settings=\"{&quot;background_background&quot;:&quot;classic&quot;}\">\n\t\t\t<div class=\"elementor-widget-wrap elementor-element-populated\">\n\t\t\t\t\t\t<div class=\"elementor-element elementor-element-5c337d4 elementor-widget elementor-widget-bridge_cover_boxes\" data-id=\"5c337d4\" data-element_type=\"widget\" data-e-type=\"widget\" data-widget_type=\"bridge_cover_boxes.default\">\n\t\t\t\t<div class=\"elementor-widget-container\">\n\t\t\t\t\t<div class='cover_boxes' data-active-element=''><ul class='clearfix'><li><div class='box'><a itemprop='url' class='thumb' href='' target='_blank'><img itemprop='image' alt='Ashley Rosenberger ' src='https:\/\/rosepr.ca\/wp-content\/uploads\/2024\/04\/IMGP1136_vf-scaled.jpg' \/><\/a><div class='box_content'><h3 >Ashley Rosenberger <\/h3><p >Founder<\/p><\/div><\/div><\/li><li><div class='box'><a itemprop='url' class='thumb' href='' target='_blank'><img itemprop='image' alt='Nicolas Levesque' src='https:\/\/rosepr.ca\/wp-content\/uploads\/2024\/04\/IMGP1235_vf-scaled.jpg' \/><\/a><div class='box_content'><h3 >Nicolas Levesque<\/h3><p >Director<\/p><\/div><\/div><\/li><li><div class='box'><a itemprop='url' class='thumb' href='' target='_blank'><img itemprop='image' alt='Charlotte Courville' src='https:\/\/rosepr.ca\/wp-content\/uploads\/2024\/04\/IMGP0979_vf-scaled.jpg' \/><\/a><div class='box_content'><h3 >Charlotte Courville<\/h3><p >Account Manager<\/p><\/div><\/div><\/li><\/ul><\/div>\t\t\t\t<\/div>\n\t\t\t\t<\/div>\n\t\t\t\t<div class=\"elementor-element elementor-element-7998072 elementor-widget elementor-widget-bridge_cover_boxes\" data-id=\"7998072\" data-element_type=\"widget\" data-e-type=\"widget\" data-widget_type=\"bridge_cover_boxes.default\">\n\t\t\t\t<div class=\"elementor-widget-container\">\n\t\t\t\t\t<div class='cover_boxes' data-active-element=''><ul class='clearfix'><li><div class='box'><a itemprop='url' class='thumb' href='' target='_blank'><img itemprop='image' alt='Roxanne Marsolais' src='https:\/\/rosepr.ca\/wp-content\/uploads\/2024\/04\/IMGP0826_vf-scaled.jpg' \/><\/a><div class='box_content'><h3 >Roxanne Marsolais<\/h3><p >Account Manager<\/p><\/div><\/div><\/li><li><div class='box'><a itemprop='url' class='thumb' href='' target='_blank'><img itemprop='image' alt='Rachel Wisnia' src='https:\/\/rosepr.ca\/wp-content\/uploads\/2024\/04\/IMGP1310_vf-scaled.jpg' \/><\/a><div class='box_content'><h3 >Rachel Wisnia<\/h3><p >Associate Account Manager<\/p><\/div><\/div><\/li><li><div class='box'><a itemprop='url' class='thumb' href='' target='_blank'><img itemprop='image' alt='Lindsey Gozum' src='https:\/\/rosepr.ca\/wp-content\/uploads\/2024\/04\/IMGP1038_vf-scaled.jpg' \/><\/a><div class='box_content'><h3 >Lindsey Gozum<\/h3><p >Associate Account Manager<\/p><\/div><\/div><\/li><\/ul><\/div>\t\t\t\t<\/div>\n\t\t\t\t<\/div>\n\t\t\t\t<div class=\"elementor-element elementor-element-d83beea elementor-widget elementor-widget-bridge_cover_boxes\" data-id=\"d83beea\" data-element_type=\"widget\" data-e-type=\"widget\" data-widget_type=\"bridge_cover_boxes.default\">\n\t\t\t\t<div class=\"elementor-widget-container\">\n\t\t\t\t\t<div class='cover_boxes' data-active-element=''><ul class='clearfix'><li><div class='box'><a itemprop='url' class='thumb' href='' target='_blank'><img itemprop='image' alt='Thoreyya Jemmie' src='https:\/\/rosepr.ca\/wp-content\/uploads\/2024\/04\/IMGP0778_vf-scaled.jpg' \/><\/a><div class='box_content'><h3 >Thoreyya Jemmie<\/h3><p >Account Executive<\/p><\/div><\/div><\/li><li><div class='box'><a itemprop='url' class='thumb' href='' target='_blank'><img itemprop='image' alt='Erin Whitmore' src='https:\/\/rosepr.ca\/wp-content\/uploads\/2024\/04\/IMGP1252_vf-scaled.jpg' \/><\/a><div class='box_content'><h3 >Erin Whitmore<\/h3><p >Account Coordinator<\/p><\/div><\/div><\/li><li><div class='box'><a itemprop='url' class='thumb' href='' target='_blank'><img itemprop='image' alt='' src='' \/><\/a><div class='box_content'><h3 ><\/h3><p ><\/p><\/div><\/div><\/li><\/ul><\/div>\t\t\t\t<\/div>\n\t\t\t\t<\/div>\n\t\t\t\t\t<\/div>\n\t\t<\/div>\n\t\t\t\t\t<\/div>\n\t\t<\/section>\n\t\t\t\t<section class=\"elementor-section elementor-top-section elementor-element elementor-element-35ac8b4 elementor-section-full_width elementor-section-height-default elementor-section-height-default parallax_section_no qode_elementor_container_no\" data-id=\"35ac8b4\" data-element_type=\"section\" data-e-type=\"section\" data-settings=\"{&quot;background_background&quot;:&quot;classic&quot;}\">\n\t\t\t\t\t\t<div class=\"elementor-container elementor-column-gap-default\">\n\t\t\t\t\t<div class=\"elementor-column elementor-col-100 elementor-top-column elementor-element elementor-element-acf5276\" data-id=\"acf5276\" data-element_type=\"column\" data-e-type=\"column\" data-settings=\"{&quot;background_background&quot;:&quot;classic&quot;}\">\n\t\t\t<div class=\"elementor-widget-wrap\">\n\t\t\t\t\t\t\t<\/div>\n\t\t<\/div>\n\t\t\t\t\t<\/div>\n\t\t<\/section>\n\t\t\t\t<section class=\"elementor-section elementor-top-section elementor-element elementor-element-a452054 elementor-section-full_width elementor-hidden-desktop elementor-hidden-tablet elementor-hidden-mobile elementor-section-height-default elementor-section-height-default parallax_section_no qode_elementor_container_no\" data-id=\"a452054\" data-element_type=\"section\" data-e-type=\"section\">\n\t\t\t\t\t\t<div class=\"elementor-container elementor-column-gap-default\">\n\t\t\t\t\t<div class=\"elementor-column elementor-col-100 elementor-top-column elementor-element elementor-element-babb2fc\" data-id=\"babb2fc\" data-element_type=\"column\" data-e-type=\"column\">\n\t\t\t<div class=\"elementor-widget-wrap elementor-element-populated\">\n\t\t\t\t\t\t<div class=\"elementor-element elementor-element-592f53e elementor-view-default elementor-widget elementor-widget-icon\" data-id=\"592f53e\" data-element_type=\"widget\" data-e-type=\"widget\" data-widget_type=\"icon.default\">\n\t\t\t\t<div class=\"elementor-widget-container\">\n\t\t\t\t\t\t\t<div class=\"elementor-icon-wrapper\">\n\t\t\t<div class=\"elementor-icon\">\n\t\t\t<svg xmlns=\"http:\/\/www.w3.org\/2000\/svg\" id=\"Layer_1\" data-name=\"Layer 1\" viewbox=\"0 0 816.88 539.17\"><defs><style>.cls-1{fill:#77232f;}<\/style><\/defs><path class=\"cls-1\" d=\"M416.08,732.46c-10.83-8.63-21.77-16.34-31.53-25.32-34.5-31.73-52.07-72-57.9-117.9-.46-3.68.74-5,4.2-6.07,27.19-8.39,53.1-19.61,76.48-36.1,44-31.06,67.54-73.79,71.67-127.22,3-39.13-1.56-77.36-20.29-112.27C420.33,236.05,361.12,198,278.55,199.45c-97.26,1.7-160.11,73.79-176.46,148.17-18,81.73-1.29,157.22,45.52,225.83,61.29,89.83,146,144.47,253,164.5C407.56,739.25,411.49,735.58,416.08,732.46Z\" transform=\"translate(-95.03 -199.11)\"><\/path><path class=\"cls-1\" d=\"M848.66,732.13c-7-5-13.52-9.41-19.68-14.22-41.89-32.78-63.72-76.55-70.4-128.61-.47-3.63.59-5,4.12-6.1,31.28-9.7,60.82-22.94,86.56-43.64,37-29.79,56.87-68.77,61.43-115.71,3.57-36.78-.49-72.63-15.34-106.73-27-62.08-90.91-120.57-184.56-117.92-96.86,2.73-159.45,73.11-176.19,146.63-18.67,82-2.28,157.94,44.64,227C640.59,663.11,725.5,718,833,738,839.8,739.3,843.44,735.37,848.66,732.13Z\" transform=\"translate(-95.03 -199.11)\"><\/path><\/svg>\t\t\t<\/div>\n\t\t<\/div>\n\t\t\t\t\t\t<\/div>\n\t\t\t\t<\/div>\n\t\t\t\t<div class=\"elementor-element elementor-element-9e129eb elementor-widget elementor-widget-text-editor\" data-id=\"9e129eb\" data-element_type=\"widget\" data-e-type=\"widget\" data-widget_type=\"text-editor.default\">\n\t\t\t\t<div class=\"elementor-widget-container\">\n\t\t\t\t\t\t\t\t\t<p><i><span style=\"font-weight: 400;\">Nous vivons dans un monde ou tout repose sur l\u2019image, o\u00f9 les impressions du public sont un facteur d\u00e9terminant du succ\u00e8s. Notre travail est de fa\u00e7onner ou de remanier l\u2019image et la marque de nos clients et de les communiquer au public. Avec les bonnes ressources et les bons outils en place, votre marque saura immanquablement attirer les projecteurs\u2009!<\/span><\/i><\/p>\t\t\t\t\t\t\t\t<\/div>\n\t\t\t\t<\/div>\n\t\t\t\t<div class=\"elementor-element elementor-element-c044412 elementor-widget elementor-widget-heading\" data-id=\"c044412\" data-element_type=\"widget\" data-e-type=\"widget\" data-widget_type=\"heading.default\">\n\t\t\t\t<div class=\"elementor-widget-container\">\n\t\t\t\t\t<h2 class=\"elementor-heading-title elementor-size-default\">\u2013 Ashley Rosenberger, fondatrice de Rose PR<\/h2>\t\t\t\t<\/div>\n\t\t\t\t<\/div>\n\t\t\t\t\t<\/div>\n\t\t<\/div>\n\t\t\t\t\t<\/div>\n\t\t<\/section>\n\t\t\t\t<section class=\"elementor-section elementor-top-section elementor-element elementor-element-30806a8 elementor-section-full_width elementor-section-height-default elementor-section-height-default parallax_section_no qode_elementor_container_no\" data-id=\"30806a8\" data-element_type=\"section\" data-e-type=\"section\" data-settings=\"{&quot;background_background&quot;:&quot;classic&quot;}\">\n\t\t\t\t\t\t<div class=\"elementor-container elementor-column-gap-default\">\n\t\t\t\t\t<div class=\"elementor-column elementor-col-100 elementor-top-column elementor-element elementor-element-9eb3a00\" data-id=\"9eb3a00\" data-element_type=\"column\" data-e-type=\"column\" data-settings=\"{&quot;background_background&quot;:&quot;classic&quot;}\">\n\t\t\t<div class=\"elementor-widget-wrap elementor-element-populated\">\n\t\t\t\t\t\t<div class=\"elementor-element elementor-element-30434b3 elementor-widget elementor-widget-heading\" data-id=\"30434b3\" data-element_type=\"widget\" data-e-type=\"widget\" data-widget_type=\"heading.default\">\n\t\t\t\t<div class=\"elementor-widget-container\">\n\t\t\t\t\t<h2 class=\"elementor-heading-title elementor-size-default\">La Liste<\/h2>\t\t\t\t<\/div>\n\t\t\t\t<\/div>\n\t\t\t\t<div class=\"elementor-element elementor-element-4f95efe elementor-widget__width-inherit elementor-widget elementor-widget-bridge_cf_7\" data-id=\"4f95efe\" data-element_type=\"widget\" data-e-type=\"widget\" data-widget_type=\"bridge_cf_7.default\">\n\t\t\t\t<div class=\"elementor-widget-container\">\n\t\t\t\t\t    <div class=\"qode-contact-form-7 qode-contact-form-7-0\">\n    \n<div class=\"wpcf7 no-js\" id=\"wpcf7-f1544-o1\" lang=\"en-US\" dir=\"ltr\" data-wpcf7-id=\"1544\">\n<div class=\"screen-reader-response\"><p role=\"status\" aria-live=\"polite\" aria-atomic=\"true\"><\/p> <ul><\/ul><\/div>\n<form action=\"\/fr\/wp-json\/wp\/v2\/pages\/1648#wpcf7-f1544-o1\" method=\"post\" class=\"wpcf7-form init default\" aria-label=\"Contact form\" novalidate=\"novalidate\" data-status=\"init\" data-trp-original-action=\"\/fr\/wp-json\/wp\/v2\/pages\/1648#wpcf7-f1544-o1\">\n<fieldset class=\"hidden-fields-container\"><input type=\"hidden\" name=\"_wpcf7\" value=\"1544\" \/><input type=\"hidden\" name=\"_wpcf7_version\" value=\"6.1.5\" \/><input type=\"hidden\" name=\"_wpcf7_locale\" value=\"en_US\" \/><input type=\"hidden\" name=\"_wpcf7_unit_tag\" value=\"wpcf7-f1544-o1\" \/><input type=\"hidden\" name=\"_wpcf7_container_post\" value=\"0\" \/><input type=\"hidden\" name=\"_wpcf7_posted_data_hash\" value=\"\" \/>\n<\/fieldset>\n<span class=\"wpcf7-form-control-wrap\" data-name=\"your-name\"><input size=\"40\" maxlength=\"400\" class=\"wpcf7-form-control wpcf7-text\" aria-invalid=\"false\" placeholder=\"Prenom\" value=\"\" type=\"text\" name=\"your-name\" \/><\/span>\n\n<span class=\"wpcf7-form-control-wrap\" data-name=\"your-name\"><input size=\"40\" maxlength=\"400\" class=\"wpcf7-form-control wpcf7-text\" aria-invalid=\"false\" placeholder=\"Nom\" value=\"\" type=\"text\" name=\"your-name\" \/><\/span>\n\n<span class=\"wpcf7-form-control-wrap\" data-name=\"your-email\"><input size=\"40\" maxlength=\"400\" class=\"wpcf7-form-control wpcf7-email wpcf7-validates-as-required wpcf7-text wpcf7-validates-as-email\" aria-required=\"true\" aria-invalid=\"false\" placeholder=\"Courriel\" value=\"\" type=\"email\" name=\"your-email\" \/><\/span>\n\n<input class=\"wpcf7-form-control wpcf7-submit has-spinner\" type=\"submit\" value=\"S&#039;ABONNER\" \/><div class=\"wpcf7-response-output\" aria-hidden=\"true\"><\/div>\n<input type=\"hidden\" name=\"trp-form-language\" value=\"fr\"\/><\/form>\n<\/div>\n    <\/div>\n\t\t\t\t<\/div>\n\t\t\t\t<\/div>\n\t\t\t\t\t<\/div>\n\t\t<\/div>\n\t\t\t\t\t<\/div>\n\t\t<\/section>\n\t\t\t\t<\/div>","protected":false},"excerpt":{"rendered":"<p>Who We Are Rose PR is a full-service Canadian public relations agency specializing in media relations, influencer marketing, partnerships &amp; sponsorships, experiential events and activations, content creation, and corporate communications. Our expertise spans across various lifestyle industry sectors such as: Fashion &amp; Design, Luxury Goods,&#8230;<\/p>","protected":false},"author":1,"featured_media":0,"parent":0,"menu_order":0,"comment_status":"closed","ping_status":"closed","template":"full_width.php","meta":{"footnotes":""},"class_list":["post-1648","page","type-page","status-publish","hentry"],"_links":{"self":[{"href":"https:\/\/rosepr.ca\/fr\/wp-json\/wp\/v2\/pages\/1648","targetHints":{"allow":["GET"]}}],"collection":[{"href":"https:\/\/rosepr.ca\/fr\/wp-json\/wp\/v2\/pages"}],"about":[{"href":"https:\/\/rosepr.ca\/fr\/wp-json\/wp\/v2\/types\/page"}],"author":[{"embeddable":true,"href":"https:\/\/rosepr.ca\/fr\/wp-json\/wp\/v2\/users\/1"}],"replies":[{"embeddable":true,"href":"https:\/\/rosepr.ca\/fr\/wp-json\/wp\/v2\/comments?post=1648"}],"version-history":[{"count":0,"href":"https:\/\/rosepr.ca\/fr\/wp-json\/wp\/v2\/pages\/1648\/revisions"}],"wp:attachment":[{"href":"https:\/\/rosepr.ca\/fr\/wp-json\/wp\/v2\/media?parent=1648"}],"curies":[{"name":"wp","href":"https:\/\/api.w.org\/{rel}","templated":true}]}}